{"id":8,"date":"2013-10-15T06:48:25","date_gmt":"2013-10-15T06:48:25","guid":{"rendered":"http:\/\/mokslosriuba.lt\/svetain%c4%97\/?page_id=8"},"modified":"2023-05-16T19:23:42","modified_gmt":"2023-05-16T19:23:42","slug":"savanoriauk","status":"publish","type":"page","link":"https:\/\/mokslosriuba.lt\/kartumesgalime\/savanoriauk\/","title":{"rendered":"Savanoriauk"},"content":{"rendered":"\n<p>M\u0117gsti moksl\u0105 ir technologijas ir nori prisid\u0117ti prie \u0161vietimo? Prisijunk prie m\u016bs\u0173!<\/p>\n\n\n\n<p>Mes esame bendruomen\u0117, kurioje mus vienija mokslo populiarinimas. Stengiam\u0117s nes\u0117d\u0117ti sud\u0117j\u0119 rank\u0173.<\/p>\n\n\n\n<figure class=\"wp-block-image size-large\"><a href=\"https:\/\/mokslosriuba.lt\/kartumesgalime\/wp-content\/uploads\/2023\/04\/Mokslo-sriuba-FiDi-55-Mariaus-Kinstaicio-nuotr-scaled.jpg\"><img decoding=\"async\" src=\"https:\/\/mokslosriuba.lt\/kartumesgalime\/wp-content\/uploads\/2023\/04\/Mokslo-sriuba-FiDi-55-Mariaus-Kinstaicio-nuotr-1024x683.jpg\" alt=\"\" class=\"wp-image-7255\"\/><\/a><figcaption class=\"wp-element-caption\">\u0160alia Mokslo sriubos stendo fizik\u0173 \u0161vent\u0117je FiDi 55. Mariaus Kinstai\u010dio nuotr.<\/figcaption><\/figure>\n\n\n\n<p>Mokslas ir technologijos i\u0161 esm\u0117s kei\u010dia m\u016bs\u0173 gyvenimo b\u016bd\u0105 bei kokyb\u0119. Pavyzd\u017eiui, kur dingo t\u016bkstan\u010dius met\u0173 naudotas arklio tempiamas ve\u017eimas ir kiaul\u0117s p\u016bsle dengti langai? Juokas ima, gyvename nuostabiais laikais! Prakti\u0161kai, tai k\u0105 \u0161iuo metu savo laboratorijose dirba viso pasaulio mokslininkai, tai yra m\u016bs\u0173 ateitis. O kas atsisakyt\u0173 akies kra\u0161teliu pa\u017evelgti \u012f ateit\u012f? At\u0117jo metas visuomen\u0119 supa\u017eindinti, kas vyksta pasaulyje. Padarykime tai <a href=\"https:\/\/mokslosriuba.lt\/kartumesgalime\/kontaktai\/\" data-type=\"URL\" data-id=\"https:\/\/mokslosriuba.lt\/kartumesgalime\/kontaktai\/\">kartu<\/a>!<\/p>\n\n\n\n<figure class=\"wp-block-image size-large is-resized\"><a href=\"https:\/\/mokslosriuba.lt\/kartumesgalime\/wp-content\/uploads\/2023\/04\/Atsinaujinanti-energetika-Mokslo-sriuba-vejo-jegaines.jpg\"><img loading=\"lazy\" decoding=\"async\" src=\"https:\/\/mokslosriuba.lt\/kartumesgalime\/wp-content\/uploads\/2023\/04\/Atsinaujinanti-energetika-Mokslo-sriuba-vejo-jegaines-1024x682.jpg\" alt=\"\" class=\"wp-image-7262\" width=\"840\" height=\"559\"\/><\/a><figcaption class=\"wp-element-caption\">V\u0117jo j\u0117gaini\u0173 parke.<\/figcaption><\/figure>\n","protected":false},"excerpt":{"rendered":"<p>M\u0117gsti moksl\u0105 ir technologijas ir nori prisid\u0117ti prie \u0161vietimo? Prisijunk prie m\u016bs\u0173! Mes esame bendruomen\u0117, kurioje mus vienija mokslo populiarinimas. Stengiam\u0117s nes\u0117d\u0117ti sud\u0117j\u0119 rank\u0173. Mokslas ir technologijos i\u0161 esm\u0117s kei\u010dia [&hellip;]<\/p>\n","protected":false},"author":1,"featured_media":7529,"parent":0,"menu_order":0,"comment_status":"open","ping_status":"open","template":"","meta":{"om_disable_all_campaigns":false,"_monsterinsights_skip_tracking":false,"_monsterinsights_sitenote_active":false,"_monsterinsights_sitenote_note":"","_monsterinsights_sitenote_category":0,"_themeisle_gutenberg_block_has_review":false,"footnotes":""},"class_list":["post-8","page","type-page","status-publish","has-post-thumbnail","hentry","pb-post","pb-item","pb-col-xl-4 pb-col-m-6 pb-col-s-12","pb-animate pb-animated "],"aioseo_notices":[],"_links":{"self":[{"href":"https:\/\/mokslosriuba.lt\/kartumesgalime\/wp-json\/wp\/v2\/pages\/8","targetHints":{"allow":["GET"]}}],"collection":[{"href":"https:\/\/mokslosriuba.lt\/kartumesgalime\/wp-json\/wp\/v2\/pages"}],"about":[{"href":"https:\/\/mokslosriuba.lt\/kartumesgalime\/wp-json\/wp\/v2\/types\/page"}],"author":[{"embeddable":true,"href":"https:\/\/mokslosriuba.lt\/kartumesgalime\/wp-json\/wp\/v2\/users\/1"}],"replies":[{"embeddable":true,"href":"https:\/\/mokslosriuba.lt\/kartumesgalime\/wp-json\/wp\/v2\/comments?post=8"}],"version-history":[{"count":1,"href":"https:\/\/mokslosriuba.lt\/kartumesgalime\/wp-json\/wp\/v2\/pages\/8\/revisions"}],"predecessor-version":[{"id":7534,"href":"https:\/\/mokslosriuba.lt\/kartumesgalime\/wp-json\/wp\/v2\/pages\/8\/revisions\/7534"}],"wp:featuredmedia":[{"embeddable":true,"href":"https:\/\/mokslosriuba.lt\/kartumesgalime\/wp-json\/wp\/v2\/media\/7529"}],"wp:attachment":[{"href":"https:\/\/mokslosriuba.lt\/kartumesgalime\/wp-json\/wp\/v2\/media?parent=8"}],"curies":[{"name":"wp","href":"https:\/\/api.w.org\/{rel}","templated":true}]}}