{"id":6,"date":"2013-10-15T06:47:12","date_gmt":"2013-10-15T06:47:12","guid":{"rendered":"http:\/\/mokslosriuba.lt\/svetain%c4%97\/?page_id=6"},"modified":"2025-06-10T11:52:35","modified_gmt":"2025-06-10T11:52:35","slug":"apie-mus","status":"publish","type":"page","link":"https:\/\/mokslosriuba.lt\/kartumesgalime\/apie-mus\/","title":{"rendered":"Apie mus"},"content":{"rendered":"\n<p><em>Mes tikime, kad \u017eadindami smalsum\u0105 ir pl\u0117sdami pa\u017einim\u0105, su mokslo \u017einiomis visi kartu sukursime geresn\u012f pasaul\u012f.<\/em><\/p>\n\n\n\n<p>\u201eMokslo sriuba&#8221; &#8211; keista, \u012fdomi, nuotaikinga, kerinti mokslo populiarinimo televizija smalsiems \u017emon\u0117ms. Mokslas ir technologijos ateina pas tave!<\/p>\n\n\n\n<p>Mes esame jauni \u017emon\u0117s susib\u016br\u0119 \u012f bendruomen\u0119 populiarinti moksl\u0105 visuomen\u0117je. Tai darome kurdami mokslo populiarinimo laidas, populiarindami moksl\u0105 socialiniuose tinkluose ir kitaip. Mokslo sriuba yra apie \u012fdomiausius viso pasaulio mokslinink\u0173 i\u0161radimus, ne\u012ftik\u0117tinus eksperimentus, tyrimus, projektus, vystomas naujausias technologijas, revoliucines id\u0117jas bei i\u0161\u0161\u016bkius \u017emonijos pa\u017eangai. Mes siekiame \u017emon\u0117ms parodyti visai kitok\u012f pasaul\u012f nei daugelis j\u012f \u012fsivaizduoja. Ne tik apie tai kas m\u016bs\u0173 laukia ateityje, o kokios galimyb\u0117s jau yra \u0161iandien. K\u0105 gali \u017einoti, gal net pavyks vien\u0105 kit\u0105 moksleiv\u012f \u012fkv\u0117pti \u017eengti mokslininko profesijos keliu?<\/p>\n\n\n\n<p><strong>Pagrindinis tikslas<\/strong> \u2013 mokslo populiarinimas, siekiant kelti visuomen\u0117s s\u0105moningum\u0105, pl\u0117sti \u017eini\u0173 visuomen\u0119. Supa\u017eindinti taut\u0105 su mokslo ir technologij\u0173 dabartimi,&nbsp;praeitimi ir ateitimi, sud\u0117tingus dalykus pateikiant paprasta, suprantama ir \u012fdomia kalba.<\/p>\n\n\n\n<p><strong>M\u016bs\u0173 misija<\/strong> \u2013 k\u016brybi\u0161kai ir \u012fdomiai pla\u010diajai visuomenei pateikti aktualijas apie Lietuvos ir viso pasaulio mokslo pasiekimus. Ugdyti i\u0161silavinusias ir modernias asmenybes.<\/p>\n\n\n\n<p><strong>Mokslo sriubos vizija<\/strong> \u2013 pa\u017eangi Lietuvos visuomen\u0117, kuri daug investuoja \u012f \u0161vietim\u0105, moksl\u0105 ir inovacijas.<\/p>\n\n\n\n<p>\u012esipareigojimai kokybei \u2013 tai tarsi \u201eMokslo sriubos\u201c kodeksas, kuriuo mes vadovaujam\u0117s.<\/p>\n\n\n\n<p>\u300bMes manome, kad mokslo populiarinimas yra reik\u0161minga investicija ne tik \u012f visuomen\u0117s mentalitet\u0105, bet ir \u012f \u0161vietimo bei mokslo ateit\u012f.<br>\u300bMes siekiame auk\u0161\u010diausios turinio kokyb\u0117s. Keliame sau i\u0161\u0161\u016bk\u012f, kad kiekviena nauja laida b\u016bt\u0173 geresn\u0117, nei prie\u0161 tai buvusi. Kad \u201eMokslo sriuba\u201c b\u016bt\u0173 pati geriausia mokslo populiarinimo laida pasaulyje.<br>\u300bSiekiame, kad laidos k\u016brimas b\u016bt\u0173 m\u016bs\u0173 pajam\u0173 \u0161altinis.<br>\u300bPasl\u0117ptai reklamai sakome NE!<br>\u300bSiekiame \u012f Lietuv\u0105 atne\u0161ti naujos informacijos, kuri yra neprieinama lietuvi\u0173 kalba.<br>\u300bVisas laidas kuriame remdamiesi tik patikimais \u0161altiniais.<br>\u300bMes esame atviri visiems norintiems prisid\u0117ti prie laidos k\u016brimo. \u201eMokslo sriubos\u201c komanda \u2013 tai savanori\u0173 ir specialist\u0173 komanda.<\/p>\n\n\n\n<p>Mokslo sriub\u0105 kuriame bendradarbiaudami su Baltijos pa\u017eangi\u0173 technologij\u0173 institutu.<\/p>\n\n\n\n<p>2012 m. spalio 1 d. Lietuvos nacionalin\u0117s UNESCO komisijos sekretoriatas laidai \u201eMokslo sriuba\u201c suteik\u0117 Lietuvos nacionalin\u0117s UNESCO komisijos patrona\u017e\u0105 (projekto glob\u0105). Globa baigta 2015 m. gruod\u012f.<\/p>\n\n\n\n<p><a title=\"\" href=\"https:\/\/drive.google.com\/file\/d\/1mXZDgt5g7C6_fNOua0kTvizb9VByokpG\/view?usp=sharing\" target=\"_blank\" rel=\"noopener\">2024 m. veiklos ir finansin\u0117 ataskaita.<\/a><br><a title=\"\" href=\"https:\/\/drive.google.com\/file\/d\/1f3TwWEEV-yJSimf50vtm9fOSVr6xXKbm\/view?usp=sharing\" target=\"_blank\" rel=\"noopener\">2023 m. veiklos ir finansin\u0117 ataskaita.<\/a><a><br><\/a><a href=\"http:\/\/mokslosriuba.lt\/kartumesgalime\/dokumentai\/2022-MS-ataskaita.pdf\" target=\"_blank\" rel=\"noopener noreferrer\">2022 m. veiklos ir finansin\u0117 ataskaita.<\/a><a><br><\/a><a href=\"http:\/\/mokslosriuba.lt\/kartumesgalime\/dokumentai\/2021-MS-ataskaita.pdf\" target=\"_blank\" rel=\"noopener noreferrer\">2021 m. veiklos ir finansin\u0117 ataskaita.<\/a><a><br><\/a><a href=\"http:\/\/mokslosriuba.lt\/kartumesgalime\/dokumentai\/2020-MS-ataskaita.pdf\" target=\"_blank\" rel=\"noopener noreferrer\">2020 m. veiklos ir finansin\u0117 ataskaita.<\/a><a><br><\/a><a href=\"http:\/\/mokslosriuba.lt\/kartumesgalime\/dokumentai\/2019-MS-ataskaita.pdf\" target=\"_blank\" rel=\"noopener noreferrer\">2019 m. veiklos ir finansin\u0117 ataskaita.<\/a><a><br><\/a><a href=\"http:\/\/mokslosriuba.lt\/kartumesgalime\/dokumentai\/2018-MS-ataskaita-papildyta.pdf\" target=\"_blank\" rel=\"noopener noreferrer\">2018 m. veiklos ir finansin\u0117 ataskaita.<\/a><a><br><\/a><a href=\"http:\/\/mokslosriuba.lt\/kartumesgalime\/dokumentai\/2017-MS-ataskaita-pataisyta.pdf\" target=\"_blank\" rel=\"noopener noreferrer\">2017 m. veiklos ir finansin\u0117 ataskaita.<\/a><a><br><\/a><a href=\"http:\/\/mokslosriuba.lt\/kartumesgalime\/dokumentai\/2016-MS-ataskaita.pdf\" target=\"_blank\" rel=\"noopener noreferrer\">2016 m. veiklos ir finansin\u0117 ataskaita.<\/a><a><br><\/a><a href=\"http:\/\/mokslosriuba.lt\/kartumesgalime\/dokumentai\/2015-MS-ataskaita-pataisyta.pdf\" target=\"_blank\" rel=\"noopener noreferrer\">2015 m. veiklos ir finansin\u0117 ataskaita.<\/a><a><br><\/a><a href=\"http:\/\/mokslosriuba.lt\/kartumesgalime\/dokumentai\/2014-MS-ataskaita.pdf\" target=\"_blank\" rel=\"noopener noreferrer\">2014 m. veiklos ir finansin\u0117 ataskaita.<\/a><a><br><\/a><a href=\"http:\/\/mokslosriuba.lt\/kartumesgalime\/dokumentai\/2013-MS-ataskaita.pdf\" target=\"_blank\" rel=\"noopener noreferrer\">2013 m. veiklos ir finansin\u0117 ataskaita.<\/a><a><br><\/a><a href=\"http:\/\/mokslosriuba.lt\/kartumesgalime\/dokumentai\/2012-MS-ataskaita.pdf\" target=\"_blank\" rel=\"noopener noreferrer\">2012 m. veiklos ir finansin\u0117 ataskaita.<\/a><\/p>\n","protected":false},"excerpt":{"rendered":"<p>Mes tikime, kad \u017eadindami smalsum\u0105 ir pl\u0117sdami pa\u017einim\u0105, su mokslo \u017einiomis visi kartu sukursime geresn\u012f pasaul\u012f. \u201eMokslo sriuba&#8221; &#8211; keista, \u012fdomi, nuotaikinga, kerinti mokslo populiarinimo televizija smalsiems \u017emon\u0117ms. Mokslas ir [&hellip;]<\/p>\n","protected":false},"author":1,"featured_media":7520,"parent":0,"menu_order":0,"comment_status":"open","ping_status":"open","template":"","meta":{"om_disable_all_campaigns":false,"_monsterinsights_skip_tracking":false,"_monsterinsights_sitenote_active":false,"_monsterinsights_sitenote_note":"","_monsterinsights_sitenote_category":0,"_themeisle_gutenberg_block_has_review":false,"footnotes":""},"class_list":["post-6","page","type-page","status-publish","has-post-thumbnail","hentry","pb-post","pb-item","pb-col-xl-4 pb-col-m-6 pb-col-s-12","pb-animate pb-animated "],"aioseo_notices":[],"_links":{"self":[{"href":"https:\/\/mokslosriuba.lt\/kartumesgalime\/wp-json\/wp\/v2\/pages\/6","targetHints":{"allow":["GET"]}}],"collection":[{"href":"https:\/\/mokslosriuba.lt\/kartumesgalime\/wp-json\/wp\/v2\/pages"}],"about":[{"href":"https:\/\/mokslosriuba.lt\/kartumesgalime\/wp-json\/wp\/v2\/types\/page"}],"author":[{"embeddable":true,"href":"https:\/\/mokslosriuba.lt\/kartumesgalime\/wp-json\/wp\/v2\/users\/1"}],"replies":[{"embeddable":true,"href":"https:\/\/mokslosriuba.lt\/kartumesgalime\/wp-json\/wp\/v2\/comments?post=6"}],"version-history":[{"count":10,"href":"https:\/\/mokslosriuba.lt\/kartumesgalime\/wp-json\/wp\/v2\/pages\/6\/revisions"}],"predecessor-version":[{"id":8462,"href":"https:\/\/mokslosriuba.lt\/kartumesgalime\/wp-json\/wp\/v2\/pages\/6\/revisions\/8462"}],"wp:featuredmedia":[{"embeddable":true,"href":"https:\/\/mokslosriuba.lt\/kartumesgalime\/wp-json\/wp\/v2\/media\/7520"}],"wp:attachment":[{"href":"https:\/\/mokslosriuba.lt\/kartumesgalime\/wp-json\/wp\/v2\/media?parent=6"}],"curies":[{"name":"wp","href":"https:\/\/api.w.org\/{rel}","templated":true}]}}