{"id":5223,"date":"2020-08-07T07:17:01","date_gmt":"2020-08-07T04:17:01","guid":{"rendered":"http:\/\/mokslosriuba.lt\/kartumesgalime\/?page_id=5223"},"modified":"2023-05-17T07:33:43","modified_gmt":"2023-05-17T07:33:43","slug":"atributika","status":"publish","type":"page","link":"https:\/\/mokslosriuba.lt\/kartumesgalime\/atributika\/","title":{"rendered":"Atributika"},"content":{"rendered":"<p><strong>Paprastas \u201eMokslo sriubos\u201c \u017eenkliukas 3D spausdintuvui<\/strong><\/p>\n<p>Paspaud\u0119 <a href=\"https:\/\/drive.google.com\/file\/d\/1A92k-ivpKhhNVRFXIyfyjMfNQ3JnrpA7\/view?usp=sharing D\">\u0161i\u0105 nuorod\u0105<\/a>&nbsp;galite atsisi\u0173sti .stl fail\u0105. I\u0161 jo gal\u0117site atsispausdinti paprast\u0105 \u201eMokslo sriubos\u201c \u017eenkliuk\u0105.<\/p>\n<p><strong><img loading=\"lazy\" decoding=\"async\" class=\"size-medium wp-image-5848 alignnone\" src=\"http:\/\/mokslosriuba.lt\/kartumesgalime\/wp-content\/uploads\/2021\/05\/Mokslo-sriubos-zenkliukas-300x264.jpg\" alt=\"\" width=\"300\" height=\"264\"><\/strong><\/p>\n<p><strong>\u201eMokslo sriubos\u201c \u017eenkliukas be logotipo<\/strong><\/p>\n<p>Paspaud\u0119 <a href=\"https:\/\/drive.google.com\/file\/d\/1S4rbI4OlPv5sfqvUxM7UE85qEZzQqiXs\/view?usp=sharing\" target=\"_blank\" rel=\"noopener\">\u0161i\u0105 nuorod\u0105<\/a>&nbsp;galite atsisi\u0173sti .stl fail\u0105. I\u0161 jo 3D spausdintuvu gal\u0117site atsispausdinti \u201eMokslo sriubos\u201c \u017eenkliuk\u0105 be logotipo.<\/p>\n<p><img loading=\"lazy\" decoding=\"async\" class=\"size-medium wp-image-5843 alignnone\" src=\"http:\/\/mokslosriuba.lt\/kartumesgalime\/wp-content\/uploads\/2021\/05\/Mokslo-sriubos-zenkliukas-paprastas-300x188.jpg\" alt=\"\" width=\"300\" height=\"188\"><\/p>\n<p><strong>\u201eMokslo sriubos\u201c \u017eenkliukas su Geilo krateriu<\/strong><\/p>\n<p>Paspaud\u0119 <a href=\"https:\/\/drive.google.com\/file\/d\/1Q5kl3vxEI7zl1k_Cm4eLsa35zvl0BvVt\/view?usp=sharing\">\u0161i\u0105 nuorod\u0105<\/a>&nbsp;galite parsisi\u0173sti .stl fail\u0105. I\u0161 jo 3D spausdintuvu gal\u0117site atsispausdinti&nbsp;\u201eMokslo sriubos\u201c \u017eenkliuk\u0105 su Geilo kraterio reljefu. \u012e \u0161\u012f Marse esant\u012f krater\u012f 2012 m. rugpj\u016b\u010dio 6 d. nusileido NASA marsaeigis \u201eCuriosity\u201c.<\/p>\n<p><strong><img loading=\"lazy\" decoding=\"async\" class=\"size-medium wp-image-5841 alignnone\" src=\"http:\/\/mokslosriuba.lt\/kartumesgalime\/wp-content\/uploads\/2021\/05\/Mokslo-sriubos-z\u030cenkliukas-300x225.jpg\" alt=\"\" width=\"300\" height=\"225\"><\/strong><\/p>\n<p><strong>\u017denkliukas su Geilo krateriu<\/strong><\/p>\n<p>Paspaud\u0119 <a href=\"https:\/\/drive.google.com\/file\/d\/1_aGZKiB_gKPOEP6gsf4vvfdMByAPjyE7\/view?usp=sharing\" target=\"_blank\" rel=\"noopener\">\u0161i\u0105 nuorod\u0105<\/a>&nbsp;galite parsisi\u0173sti .stl fail\u0105. I\u0161 jo 3D spausdintuvu gal\u0117site atsispausdinti \u017eenkliuk\u0105 su ma\u017ey\u010diu Geilo kraterio reljefu. \u012e \u0161\u012f Marse esant\u012f krater\u012f 2012 m. rugpj\u016b\u010dio 6 d. nusileido NASA marsaeigis \u201eCuriosity\u201c.<\/p>\n<iframe loading=\"lazy\"  id=\"_ytid_82242\"  width=\"750\" height=\"421\"  data-origwidth=\"750\" data-origheight=\"421\" src=\"https:\/\/www.youtube.com\/embed\/PtTzRULur-k?enablejsapi=1&autoplay=0&cc_load_policy=0&iv_load_policy=1&loop=0&modestbranding=0&fs=1&playsinline=0&controls=1&color=red&cc_lang_pref=&rel=1&autohide=2&theme=dark&\" class=\"__youtube_prefs__  no-lazyload\" title=\"YouTube player\"  allow=\"accelerometer; autoplay; clipboard-write; encrypted-media; gyroscope; picture-in-picture\" allowfullscreen data-no-lazy=\"1\" data-skipgform_ajax_framebjll=\"\"><\/iframe>\n","protected":false},"excerpt":{"rendered":"<p>Paprastas \u201eMokslo sriubos\u201c \u017eenkliukas 3D spausdintuvui Paspaud\u0119 \u0161i\u0105 nuorod\u0105&nbsp;galite atsisi\u0173sti .stl fail\u0105. I\u0161 jo gal\u0117site atsispausdinti paprast\u0105 \u201eMokslo sriubos\u201c \u017eenkliuk\u0105. \u201eMokslo sriubos\u201c \u017eenkliukas be logotipo Paspaud\u0119 \u0161i\u0105 nuorod\u0105&nbsp;galite atsisi\u0173sti .stl [&hellip;]<\/p>\n","protected":false},"author":1,"featured_media":7529,"parent":0,"menu_order":0,"comment_status":"closed","ping_status":"closed","template":"","meta":{"om_disable_all_campaigns":false,"_monsterinsights_skip_tracking":false,"_monsterinsights_sitenote_active":false,"_monsterinsights_sitenote_note":"","_monsterinsights_sitenote_category":0,"_themeisle_gutenberg_block_has_review":false,"footnotes":""},"class_list":["post-5223","page","type-page","status-publish","has-post-thumbnail","hentry","pb-post","pb-item","pb-col-xl-4 pb-col-m-6 pb-col-s-12","pb-animate pb-animated "],"aioseo_notices":[],"_links":{"self":[{"href":"https:\/\/mokslosriuba.lt\/kartumesgalime\/wp-json\/wp\/v2\/pages\/5223","targetHints":{"allow":["GET"]}}],"collection":[{"href":"https:\/\/mokslosriuba.lt\/kartumesgalime\/wp-json\/wp\/v2\/pages"}],"about":[{"href":"https:\/\/mokslosriuba.lt\/kartumesgalime\/wp-json\/wp\/v2\/types\/page"}],"author":[{"embeddable":true,"href":"https:\/\/mokslosriuba.lt\/kartumesgalime\/wp-json\/wp\/v2\/users\/1"}],"replies":[{"embeddable":true,"href":"https:\/\/mokslosriuba.lt\/kartumesgalime\/wp-json\/wp\/v2\/comments?post=5223"}],"version-history":[{"count":1,"href":"https:\/\/mokslosriuba.lt\/kartumesgalime\/wp-json\/wp\/v2\/pages\/5223\/revisions"}],"predecessor-version":[{"id":7533,"href":"https:\/\/mokslosriuba.lt\/kartumesgalime\/wp-json\/wp\/v2\/pages\/5223\/revisions\/7533"}],"wp:featuredmedia":[{"embeddable":true,"href":"https:\/\/mokslosriuba.lt\/kartumesgalime\/wp-json\/wp\/v2\/media\/7529"}],"wp:attachment":[{"href":"https:\/\/mokslosriuba.lt\/kartumesgalime\/wp-json\/wp\/v2\/media?parent=5223"}],"curies":[{"name":"wp","href":"https:\/\/api.w.org\/{rel}","templated":true}]}}