{"id":18,"date":"2013-10-15T06:55:03","date_gmt":"2013-10-15T06:55:03","guid":{"rendered":"http:\/\/mokslosriuba.lt\/svetain%c4%97\/?page_id=18"},"modified":"2023-05-16T19:20:18","modified_gmt":"2023-05-16T19:20:18","slug":"kontaktai","status":"publish","type":"page","link":"https:\/\/mokslosriuba.lt\/kartumesgalime\/kontaktai\/","title":{"rendered":"Kontaktai"},"content":{"rendered":"<p>Mokslo sriub\u0105 kuria Mokslo sriubos k\u016brybin\u0117 komanda, Baltijos pa\u017eangi\u0173 technologij\u0173 institutas, Lietuvos jaun\u0173j\u0173 mokslinink\u0173 s\u0105junga.<\/p>\n<p>Kartu mes galime daugiau!<\/p>\n<ul>\n<li>U\u017eduoti klausim\u0105<\/li>\n<li>Patarti<\/li>\n<li>Pasi\u016blyti id\u0117j\u0105<\/li>\n<li>Savanoriauti<\/li>\n<li>B\u016bti r\u0117m\u0117ju<\/li>\n<li>Pristatyti savo mokslin\u012f atradim\u0105<\/li>\n<li>Pakviesti b\u016bti informaciniais r\u0117m\u0117jais<\/li>\n<li>Parengti bendr\u0105 projekt\u0105<\/li>\n<li>Reklamuotis Mokslo sriuboje<\/li>\n<\/ul>\n<p>Para\u0161ykite mums<br \/>\n<a href=\"mailto:mokslosriuba@gmail.com\">mokslosriuba@gmail.com<\/a><\/p>\n<p>Redaktorius<br \/>\nIgnas Kan\u010dys<br \/>\n<a href=\"mailto:mokslosriuba@gmail.com\">mokslosriuba@gmail.com<\/a><\/p>\n","protected":false},"excerpt":{"rendered":"<p>Mokslo sriub\u0105 kuria Mokslo sriubos k\u016brybin\u0117 komanda, Baltijos pa\u017eangi\u0173 technologij\u0173 institutas, Lietuvos jaun\u0173j\u0173 mokslinink\u0173 s\u0105junga. Kartu mes galime daugiau! U\u017eduoti klausim\u0105 Patarti Pasi\u016blyti id\u0117j\u0105 Savanoriauti B\u016bti r\u0117m\u0117ju Pristatyti savo mokslin\u012f [&hellip;]<\/p>\n","protected":false},"author":1,"featured_media":7522,"parent":0,"menu_order":0,"comment_status":"open","ping_status":"open","template":"","meta":{"om_disable_all_campaigns":false,"_monsterinsights_skip_tracking":false,"_monsterinsights_sitenote_active":false,"_monsterinsights_sitenote_note":"","_monsterinsights_sitenote_category":0,"_themeisle_gutenberg_block_has_review":false,"footnotes":""},"class_list":["post-18","page","type-page","status-publish","has-post-thumbnail","hentry","pb-post","pb-item","pb-col-xl-4 pb-col-m-6 pb-col-s-12","pb-animate pb-animated "],"aioseo_notices":[],"_links":{"self":[{"href":"https:\/\/mokslosriuba.lt\/kartumesgalime\/wp-json\/wp\/v2\/pages\/18","targetHints":{"allow":["GET"]}}],"collection":[{"href":"https:\/\/mokslosriuba.lt\/kartumesgalime\/wp-json\/wp\/v2\/pages"}],"about":[{"href":"https:\/\/mokslosriuba.lt\/kartumesgalime\/wp-json\/wp\/v2\/types\/page"}],"author":[{"embeddable":true,"href":"https:\/\/mokslosriuba.lt\/kartumesgalime\/wp-json\/wp\/v2\/users\/1"}],"replies":[{"embeddable":true,"href":"https:\/\/mokslosriuba.lt\/kartumesgalime\/wp-json\/wp\/v2\/comments?post=18"}],"version-history":[{"count":1,"href":"https:\/\/mokslosriuba.lt\/kartumesgalime\/wp-json\/wp\/v2\/pages\/18\/revisions"}],"predecessor-version":[{"id":7528,"href":"https:\/\/mokslosriuba.lt\/kartumesgalime\/wp-json\/wp\/v2\/pages\/18\/revisions\/7528"}],"wp:featuredmedia":[{"embeddable":true,"href":"https:\/\/mokslosriuba.lt\/kartumesgalime\/wp-json\/wp\/v2\/media\/7522"}],"wp:attachment":[{"href":"https:\/\/mokslosriuba.lt\/kartumesgalime\/wp-json\/wp\/v2\/media?parent=18"}],"curies":[{"name":"wp","href":"https:\/\/api.w.org\/{rel}","templated":true}]}}