{"id":1338,"date":"2015-04-20T12:07:38","date_gmt":"2015-04-20T09:07:38","guid":{"rendered":"http:\/\/mokslosriuba.lt\/kartumesgalime\/?page_id=1338"},"modified":"2025-09-30T18:07:10","modified_gmt":"2025-09-30T18:07:10","slug":"issukiai","status":"publish","type":"page","link":"https:\/\/mokslosriuba.lt\/kartumesgalime\/issukiai\/","title":{"rendered":"I\u0161\u0161\u016bkiai"},"content":{"rendered":"<p>Klimato kriz\u0117<\/p>\n<p>Mikroplastiko kriz\u0117<\/p>\n<p>Antivakcininis jud\u0117jimas<\/p>\n<p>Bakterij\u0173 atsparumas antibiotikams<\/p>\n<p>Ignalinos AE panaudoto branduolinio kuro ir kit\u0173 ilgaam\u017ei\u0173 radioaktyvi\u0173j\u0173 atliek\u0173 laidojimas<\/p>\n<p>Skurdas<\/p>\n<p>Infekcijos<\/p>\n<p>Ligos<\/p>\n<p>Superugnikalniai<\/p>\n<p>Stipri geomagnetin\u0117 audra<\/p>\n<p>Pavojingos kometos ir asteroidai<\/p>\n<p>Kosmin\u0117s \u0161iuk\u0161l\u0117s<\/p>\n<p>Riboti fosforo i\u0161tekliai<\/p>\n<p>Ma\u017e\u0117jantys \u017euv\u0173 i\u0161tekliai<\/p>\n<p>Biologin\u0117s \u012fvairov\u0117s nykimas<\/p>\n<p>Bus pildoma.<\/p>\n\n\n<p><\/p>\n","protected":false},"excerpt":{"rendered":"<p>Klimato kriz\u0117 Mikroplastiko kriz\u0117 Antivakcininis jud\u0117jimas Bakterij\u0173 atsparumas antibiotikams Ignalinos AE panaudoto branduolinio kuro ir kit\u0173 ilgaam\u017ei\u0173 radioaktyvi\u0173j\u0173 atliek\u0173 laidojimas Skurdas Infekcijos Ligos Superugnikalniai Stipri geomagnetin\u0117 audra Pavojingos kometos ir [&hellip;]<\/p>\n","protected":false},"author":1,"featured_media":7522,"parent":0,"menu_order":0,"comment_status":"open","ping_status":"open","template":"","meta":{"om_disable_all_campaigns":false,"_monsterinsights_skip_tracking":false,"_monsterinsights_sitenote_active":false,"_monsterinsights_sitenote_note":"","_monsterinsights_sitenote_category":0,"_themeisle_gutenberg_block_has_review":false,"footnotes":""},"class_list":["post-1338","page","type-page","status-publish","has-post-thumbnail","hentry","pb-post","pb-item","pb-col-xl-4 pb-col-m-6 pb-col-s-12","pb-animate pb-animated "],"aioseo_notices":[],"_links":{"self":[{"href":"https:\/\/mokslosriuba.lt\/kartumesgalime\/wp-json\/wp\/v2\/pages\/1338","targetHints":{"allow":["GET"]}}],"collection":[{"href":"https:\/\/mokslosriuba.lt\/kartumesgalime\/wp-json\/wp\/v2\/pages"}],"about":[{"href":"https:\/\/mokslosriuba.lt\/kartumesgalime\/wp-json\/wp\/v2\/types\/page"}],"author":[{"embeddable":true,"href":"https:\/\/mokslosriuba.lt\/kartumesgalime\/wp-json\/wp\/v2\/users\/1"}],"replies":[{"embeddable":true,"href":"https:\/\/mokslosriuba.lt\/kartumesgalime\/wp-json\/wp\/v2\/comments?post=1338"}],"version-history":[{"count":2,"href":"https:\/\/mokslosriuba.lt\/kartumesgalime\/wp-json\/wp\/v2\/pages\/1338\/revisions"}],"predecessor-version":[{"id":8552,"href":"https:\/\/mokslosriuba.lt\/kartumesgalime\/wp-json\/wp\/v2\/pages\/1338\/revisions\/8552"}],"wp:featuredmedia":[{"embeddable":true,"href":"https:\/\/mokslosriuba.lt\/kartumesgalime\/wp-json\/wp\/v2\/media\/7522"}],"wp:attachment":[{"href":"https:\/\/mokslosriuba.lt\/kartumesgalime\/wp-json\/wp\/v2\/media?parent=1338"}],"curies":[{"name":"wp","href":"https:\/\/api.w.org\/{rel}","templated":true}]}}