{"id":12,"date":"2013-10-15T06:50:31","date_gmt":"2013-10-15T06:50:31","guid":{"rendered":"http:\/\/mokslosriuba.lt\/svetain%c4%97\/?page_id=12"},"modified":"2026-04-01T15:38:37","modified_gmt":"2026-04-01T13:38:37","slug":"laidos","status":"publish","type":"page","link":"https:\/\/mokslosriuba.lt\/kartumesgalime\/laidos\/","title":{"rendered":"Laidos"},"content":{"rendered":"\n<p>Ateitis yra tai, k\u0105 dabar sukuria ir atranda mokslininkai. Kelion\u0117s \u012f ateit\u012f visuomet \u017eav\u0117jo \u017emones, ta\u010diau labai ma\u017eai kam teko su tuo susipa\u017einti i\u0161 ar\u010diau. Dabar galimyb\u0119 pakeliauti laiku turite ir J\u016bs. Keliaukime kartu su Mokslo sriuba!<\/p>\n\n\n\n<p>U\u017esiprenumeruokite Mokslo sriubos kanal\u0105 YouTube <a href=\"https:\/\/www.youtube.com\/mokslosriuba\">http:\/\/www.youtube.com\/mokslosriuba<\/a><\/p>\n\n\n\n<p>Nuo 2026 m. baland\u017eio m\u0117n. \u012fgyvendiname mokslo populiarinimo projekt\u0105 \u201eMokslas ar\u010diau tav\u0119s\u201c. \u0160\u012f projekt\u0105 i\u0161 dalies finansuoja Medij\u0173 r\u0117mimo fondas. Fondas skirs 6200 eur\u0173 param\u0105. Didelis a\u010di\u016b!<\/p>\n\n\n<p><img loading=\"lazy\" decoding=\"async\" class=\"\" src=\"https:\/\/mokslosriuba.lt\/kartumesgalime\/wp-content\/uploads\/2026\/04\/Mediju-remimo-fondas.png\" alt=\"\" width=\"295\" height=\"72\" \/><\/p>\n\n<div class=\"epyt-gallery\" data-currpage=\"1\" id=\"epyt_gallery_47887\"><iframe loading=\"lazy\"  id=\"_ytid_23278\"  width=\"560\" height=\"315\"  data-origwidth=\"560\" data-origheight=\"315\" src=\"https:\/\/www.youtube.com\/embed\/kYmKPxxHPyk?enablejsapi=1&autoplay=0&cc_load_policy=0&iv_load_policy=1&loop=0&modestbranding=0&fs=1&playsinline=0&controls=1&color=red&cc_lang_pref=&rel=1&autohide=2&theme=dark&\" class=\"__youtube_prefs__  no-lazyload\" title=\"YouTube player\"  data-epytgalleryid=\"epyt_gallery_47887\"  allow=\"accelerometer; autoplay; clipboard-write; encrypted-media; gyroscope; picture-in-picture\" allowfullscreen data-no-lazy=\"1\" data-skipgform_ajax_framebjll=\"\"><\/iframe><div class=\"epyt-gallery-list\"><div class=\"epyt-pagination \"><div tabindex=\"0\" role=\"button\" class=\"epyt-pagebutton epyt-prev  hide \" data-playlistid=\"UUdOoN3WOefqtvWor9B7Yyiw\" data-pagesize=\"15\" data-pagetoken=\"\" data-epcolumns=\"3\" data-showtitle=\"1\" data-showpaging=\"1\" data-autonext=\"0\" data-thumbplay=\"1\"><div class=\"epyt-arrow\">&laquo;<\/div> <div>Prev<\/div><\/div><div class=\"epyt-pagenumbers \"><div class=\"epyt-current\">1<\/div><div class=\"epyt-pageseparator\"> \/ <\/div><div class=\"epyt-totalpages\">104<\/div><\/div><div tabindex=\"0\" role=\"button\" class=\"epyt-pagebutton epyt-next\" data-playlistid=\"UUdOoN3WOefqtvWor9B7Yyiw\" data-pagesize=\"15\" data-pagetoken=\"EAAaHlBUOkNBOGlFRVF5UTBKQk9EUkZPRFpGT1RneE5rUQ\" data-epcolumns=\"3\" data-showtitle=\"1\" data-showpaging=\"1\" data-autonext=\"0\" data-thumbplay=\"1\"><div>Next<\/div> <div class=\"epyt-arrow\">&raquo;<\/div><\/div><div class=\"epyt-loader\"><img loading=\"lazy\" decoding=\"async\" alt=\"loading\" width=\"16\" height=\"11\" src=\"https:\/\/mokslosriuba.lt\/kartumesgalime\/wp-content\/plugins\/youtube-embed-plus\/images\/gallery-page-loader.gif\"><\/div><\/div><div class=\"epyt-gallery-allthumbs  epyt-cols-3 \"><div tabindex=\"0\" role=\"button\" data-videoid=\"kYmKPxxHPyk\" class=\"epyt-gallery-thumb\"><div class=\"epyt-gallery-img-box\"><div class=\"epyt-gallery-img\" style=\"background-image: url(https:\/\/i.ytimg.com\/vi\/kYmKPxxHPyk\/hqdefault.jpg)\"><div class=\"epyt-gallery-playhover\"><img loading=\"lazy\" decoding=\"async\" alt=\"play\" class=\"epyt-play-img\" width=\"30\" height=\"23\" src=\"https:\/\/mokslosriuba.lt\/kartumesgalime\/wp-content\/plugins\/youtube-embed-plus\/images\/playhover.png\" data-no-lazy=\"1\" data-skipgform_ajax_framebjll=\"\" \/><div class=\"epyt-gallery-playcrutch\"><\/div><\/div><\/div><\/div><div class=\"epyt-gallery-title\">K\u0105 galima padaryti su terahercin\u0117mis bangomis? Pasakoja dr. Rusn\u0117 Iva\u0161kevi\u010di\u016bt\u0117-Povilauskien\u0117<\/div><\/div><div tabindex=\"0\" role=\"button\" data-videoid=\"IJW5s9u1eD4\" class=\"epyt-gallery-thumb\"><div class=\"epyt-gallery-img-box\"><div class=\"epyt-gallery-img\" style=\"background-image: url(https:\/\/i.ytimg.com\/vi\/IJW5s9u1eD4\/hqdefault.jpg)\"><div class=\"epyt-gallery-playhover\"><img loading=\"lazy\" decoding=\"async\" alt=\"play\" class=\"epyt-play-img\" width=\"30\" height=\"23\" src=\"https:\/\/mokslosriuba.lt\/kartumesgalime\/wp-content\/plugins\/youtube-embed-plus\/images\/playhover.png\" data-no-lazy=\"1\" data-skipgform_ajax_framebjll=\"\" \/><div class=\"epyt-gallery-playcrutch\"><\/div><\/div><\/div><\/div><div class=\"epyt-gallery-title\">Navigacija be GPS: lietuviai si\u016blo sprendim\u0105 su kvantiniu magnetometru. Akvile\u0307 Paskac\u030cimaite\u0307<\/div><\/div><div tabindex=\"0\" role=\"button\" data-videoid=\"bliwi_RrHSI\" class=\"epyt-gallery-thumb\"><div class=\"epyt-gallery-img-box\"><div class=\"epyt-gallery-img\" style=\"background-image: url(https:\/\/i.ytimg.com\/vi\/bliwi_RrHSI\/hqdefault.jpg)\"><div class=\"epyt-gallery-playhover\"><img loading=\"lazy\" decoding=\"async\" alt=\"play\" class=\"epyt-play-img\" width=\"30\" height=\"23\" src=\"https:\/\/mokslosriuba.lt\/kartumesgalime\/wp-content\/plugins\/youtube-embed-plus\/images\/playhover.png\" data-no-lazy=\"1\" data-skipgform_ajax_framebjll=\"\" \/><div class=\"epyt-gallery-playcrutch\"><\/div><\/div><\/div><\/div><div class=\"epyt-gallery-title\">Visi\u0161kas kosmosas: Artemis II sugr\u012f\u017eimas, M\u0117nulio vandens kaupimasis ir Galaktikos halo \u0161ildymas<\/div><\/div><div class=\"epyt-gallery-rowbreak\"><\/div><div tabindex=\"0\" role=\"button\" data-videoid=\"h2e-bbjUPJs\" class=\"epyt-gallery-thumb\"><div class=\"epyt-gallery-img-box\"><div class=\"epyt-gallery-img\" style=\"background-image: url(https:\/\/i.ytimg.com\/vi\/h2e-bbjUPJs\/hqdefault.jpg)\"><div class=\"epyt-gallery-playhover\"><img loading=\"lazy\" decoding=\"async\" alt=\"play\" class=\"epyt-play-img\" width=\"30\" height=\"23\" src=\"https:\/\/mokslosriuba.lt\/kartumesgalime\/wp-content\/plugins\/youtube-embed-plus\/images\/playhover.png\" data-no-lazy=\"1\" data-skipgform_ajax_framebjll=\"\" \/><div class=\"epyt-gallery-playcrutch\"><\/div><\/div><\/div><\/div><div class=\"epyt-gallery-title\">I\u0161skirtinis interviu su Kalifornijos universiteto San Diege chemiku prof. Andrew Pun<\/div><\/div><div tabindex=\"0\" role=\"button\" data-videoid=\"jojR3YZW5-o\" class=\"epyt-gallery-thumb\"><div class=\"epyt-gallery-img-box\"><div class=\"epyt-gallery-img\" style=\"background-image: url(https:\/\/i.ytimg.com\/vi\/jojR3YZW5-o\/hqdefault.jpg)\"><div class=\"epyt-gallery-playhover\"><img loading=\"lazy\" decoding=\"async\" alt=\"play\" class=\"epyt-play-img\" width=\"30\" height=\"23\" src=\"https:\/\/mokslosriuba.lt\/kartumesgalime\/wp-content\/plugins\/youtube-embed-plus\/images\/playhover.png\" data-no-lazy=\"1\" data-skipgform_ajax_framebjll=\"\" \/><div class=\"epyt-gallery-playcrutch\"><\/div><\/div><\/div><\/div><div class=\"epyt-gallery-title\">\u201eArtemis II\u201c \u201eOrion\u201c kapsul\u0117s atidarymas vandenyne ir pirmosios astronaut\u0173 emocijos \u017dem\u0117je<\/div><\/div><div tabindex=\"0\" role=\"button\" data-videoid=\"SUs61b8dAqY\" class=\"epyt-gallery-thumb\"><div class=\"epyt-gallery-img-box\"><div class=\"epyt-gallery-img\" style=\"background-image: url(https:\/\/i.ytimg.com\/vi\/SUs61b8dAqY\/hqdefault.jpg)\"><div class=\"epyt-gallery-playhover\"><img loading=\"lazy\" decoding=\"async\" alt=\"play\" class=\"epyt-play-img\" width=\"30\" height=\"23\" src=\"https:\/\/mokslosriuba.lt\/kartumesgalime\/wp-content\/plugins\/youtube-embed-plus\/images\/playhover.png\" data-no-lazy=\"1\" data-skipgform_ajax_framebjll=\"\" \/><div class=\"epyt-gallery-playcrutch\"><\/div><\/div><\/div><\/div><div class=\"epyt-gallery-title\">Ar ateityje kosmose veiks gigavat\u0173 galios duomen\u0173 centrai? Pasakoja Karolina Juknait\u0117<\/div><\/div><div class=\"epyt-gallery-rowbreak\"><\/div><div tabindex=\"0\" role=\"button\" data-videoid=\"gRten57Gafk\" class=\"epyt-gallery-thumb\"><div class=\"epyt-gallery-img-box\"><div class=\"epyt-gallery-img\" style=\"background-image: url(https:\/\/i.ytimg.com\/vi\/gRten57Gafk\/hqdefault.jpg)\"><div class=\"epyt-gallery-playhover\"><img loading=\"lazy\" decoding=\"async\" alt=\"play\" class=\"epyt-play-img\" width=\"30\" height=\"23\" src=\"https:\/\/mokslosriuba.lt\/kartumesgalime\/wp-content\/plugins\/youtube-embed-plus\/images\/playhover.png\" data-no-lazy=\"1\" data-skipgform_ajax_framebjll=\"\" \/><div class=\"epyt-gallery-playcrutch\"><\/div><\/div><\/div><\/div><div class=\"epyt-gallery-title\">\u201eArtemis II\u201c klausim\u0173 ir atsakym\u0173 transliacija su dr. Vidu Dobrovolsku<\/div><\/div><div tabindex=\"0\" role=\"button\" data-videoid=\"iOeErUuUt1o\" class=\"epyt-gallery-thumb\"><div class=\"epyt-gallery-img-box\"><div class=\"epyt-gallery-img\" style=\"background-image: url(https:\/\/i.ytimg.com\/vi\/iOeErUuUt1o\/hqdefault.jpg)\"><div class=\"epyt-gallery-playhover\"><img loading=\"lazy\" decoding=\"async\" alt=\"play\" class=\"epyt-play-img\" width=\"30\" height=\"23\" src=\"https:\/\/mokslosriuba.lt\/kartumesgalime\/wp-content\/plugins\/youtube-embed-plus\/images\/playhover.png\" data-no-lazy=\"1\" data-skipgform_ajax_framebjll=\"\" \/><div class=\"epyt-gallery-playcrutch\"><\/div><\/div><\/div><\/div><div class=\"epyt-gallery-title\">\u201eArtemis II\u201c astronaut\u0173 skryd\u017eio trajektorija \ud83d\ude80<\/div><\/div><div tabindex=\"0\" role=\"button\" data-videoid=\"31Dv5A94OpA\" class=\"epyt-gallery-thumb\"><div class=\"epyt-gallery-img-box\"><div class=\"epyt-gallery-img\" style=\"background-image: url(https:\/\/i.ytimg.com\/vi\/31Dv5A94OpA\/hqdefault.jpg)\"><div class=\"epyt-gallery-playhover\"><img loading=\"lazy\" decoding=\"async\" alt=\"play\" class=\"epyt-play-img\" width=\"30\" height=\"23\" src=\"https:\/\/mokslosriuba.lt\/kartumesgalime\/wp-content\/plugins\/youtube-embed-plus\/images\/playhover.png\" data-no-lazy=\"1\" data-skipgform_ajax_framebjll=\"\" \/><div class=\"epyt-gallery-playcrutch\"><\/div><\/div><\/div><\/div><div class=\"epyt-gallery-title\">\u201eArtemis II\u201c skryd\u017eio vaizdai ir palink\u0117jimai \u201eOrion\u201c erdv\u0117laiviu skriejantiems astronautams<\/div><\/div><div class=\"epyt-gallery-rowbreak\"><\/div><div tabindex=\"0\" role=\"button\" data-videoid=\"maXmcyRBHV4\" class=\"epyt-gallery-thumb\"><div class=\"epyt-gallery-img-box\"><div class=\"epyt-gallery-img\" style=\"background-image: url(https:\/\/i.ytimg.com\/vi\/maXmcyRBHV4\/hqdefault.jpg)\"><div class=\"epyt-gallery-playhover\"><img loading=\"lazy\" decoding=\"async\" alt=\"play\" class=\"epyt-play-img\" width=\"30\" height=\"23\" src=\"https:\/\/mokslosriuba.lt\/kartumesgalime\/wp-content\/plugins\/youtube-embed-plus\/images\/playhover.png\" data-no-lazy=\"1\" data-skipgform_ajax_framebjll=\"\" \/><div class=\"epyt-gallery-playcrutch\"><\/div><\/div><\/div><\/div><div class=\"epyt-gallery-title\">Visi\u0161kas kosmosas: Artemis II, \u017dem\u0117 saugo M\u0117nul\u012f ir s\u0105veikaujan\u010dios rudosios nyk\u0161tuk\u0117s<\/div><\/div><div tabindex=\"0\" role=\"button\" data-videoid=\"wdg1Pu5hOoI\" class=\"epyt-gallery-thumb\"><div class=\"epyt-gallery-img-box\"><div class=\"epyt-gallery-img\" style=\"background-image: url(https:\/\/i.ytimg.com\/vi\/wdg1Pu5hOoI\/hqdefault.jpg)\"><div class=\"epyt-gallery-playhover\"><img loading=\"lazy\" decoding=\"async\" alt=\"play\" class=\"epyt-play-img\" width=\"30\" height=\"23\" src=\"https:\/\/mokslosriuba.lt\/kartumesgalime\/wp-content\/plugins\/youtube-embed-plus\/images\/playhover.png\" data-no-lazy=\"1\" data-skipgform_ajax_framebjll=\"\" \/><div class=\"epyt-gallery-playcrutch\"><\/div><\/div><\/div><\/div><div class=\"epyt-gallery-title\">\u0160tai kok\u012f gars\u0105 patyr\u0117 Artemis II pakilimo steb\u0117tojai \ud83d\udc42\ud83d\ude80<\/div><\/div><div tabindex=\"0\" role=\"button\" data-videoid=\"ob02bJEcC00\" class=\"epyt-gallery-thumb\"><div class=\"epyt-gallery-img-box\"><div class=\"epyt-gallery-img\" style=\"background-image: url(https:\/\/i.ytimg.com\/vi\/ob02bJEcC00\/hqdefault.jpg)\"><div class=\"epyt-gallery-playhover\"><img loading=\"lazy\" decoding=\"async\" alt=\"play\" class=\"epyt-play-img\" width=\"30\" height=\"23\" src=\"https:\/\/mokslosriuba.lt\/kartumesgalime\/wp-content\/plugins\/youtube-embed-plus\/images\/playhover.png\" data-no-lazy=\"1\" data-skipgform_ajax_framebjll=\"\" \/><div class=\"epyt-gallery-playcrutch\"><\/div><\/div><\/div><\/div><div class=\"epyt-gallery-title\">S\u0117kmingas Artemis II pakilimas \ud83d\ude80. NASA vaizdo transliacijos i\u0161trauka<\/div><\/div><div class=\"epyt-gallery-rowbreak\"><\/div><div tabindex=\"0\" role=\"button\" data-videoid=\"6cpKAWId0Ic\" class=\"epyt-gallery-thumb\"><div class=\"epyt-gallery-img-box\"><div class=\"epyt-gallery-img\" style=\"background-image: url(https:\/\/i.ytimg.com\/vi\/6cpKAWId0Ic\/hqdefault.jpg)\"><div class=\"epyt-gallery-playhover\"><img loading=\"lazy\" decoding=\"async\" alt=\"play\" class=\"epyt-play-img\" width=\"30\" height=\"23\" src=\"https:\/\/mokslosriuba.lt\/kartumesgalime\/wp-content\/plugins\/youtube-embed-plus\/images\/playhover.png\" data-no-lazy=\"1\" data-skipgform_ajax_framebjll=\"\" \/><div class=\"epyt-gallery-playcrutch\"><\/div><\/div><\/div><\/div><div class=\"epyt-gallery-title\">\u201eArtemis II\u201c raketoje - legendiniai \u201eSpace Shuttle\u201c varikliai<\/div><\/div><div tabindex=\"0\" role=\"button\" data-videoid=\"vnBLKMW4keM\" class=\"epyt-gallery-thumb\"><div class=\"epyt-gallery-img-box\"><div class=\"epyt-gallery-img\" style=\"background-image: url(https:\/\/i.ytimg.com\/vi\/vnBLKMW4keM\/hqdefault.jpg)\"><div class=\"epyt-gallery-playhover\"><img loading=\"lazy\" decoding=\"async\" alt=\"play\" class=\"epyt-play-img\" width=\"30\" height=\"23\" src=\"https:\/\/mokslosriuba.lt\/kartumesgalime\/wp-content\/plugins\/youtube-embed-plus\/images\/playhover.png\" data-no-lazy=\"1\" data-skipgform_ajax_framebjll=\"\" \/><div class=\"epyt-gallery-playcrutch\"><\/div><\/div><\/div><\/div><div class=\"epyt-gallery-title\">Artemis II misija: po daugiau nei 50 met\u0173 \u017emon\u0117s skris aplink M\u0117nul\u012f<\/div><\/div><div tabindex=\"0\" role=\"button\" data-videoid=\"Rx4B60OT_iI\" class=\"epyt-gallery-thumb\"><div class=\"epyt-gallery-img-box\"><div class=\"epyt-gallery-img\" style=\"background-image: url(https:\/\/i.ytimg.com\/vi\/Rx4B60OT_iI\/hqdefault.jpg)\"><div class=\"epyt-gallery-playhover\"><img loading=\"lazy\" decoding=\"async\" alt=\"play\" class=\"epyt-play-img\" width=\"30\" height=\"23\" src=\"https:\/\/mokslosriuba.lt\/kartumesgalime\/wp-content\/plugins\/youtube-embed-plus\/images\/playhover.png\" data-no-lazy=\"1\" data-skipgform_ajax_framebjll=\"\" \/><div class=\"epyt-gallery-playcrutch\"><\/div><\/div><\/div><\/div><div class=\"epyt-gallery-title\">Gyva\u010di\u0173 n\u0117rimasis: kod\u0117l tai vyksta? Pasakoja Gerardas Pa\u0161kevi\u010dius<\/div><\/div><div class=\"epyt-gallery-rowbreak\"><\/div><div class=\"epyt-gallery-clear\"><\/div><\/div><div class=\"epyt-pagination \"><div tabindex=\"0\" role=\"button\" class=\"epyt-pagebutton epyt-prev  hide \" data-playlistid=\"UUdOoN3WOefqtvWor9B7Yyiw\" data-pagesize=\"15\" data-pagetoken=\"\" data-epcolumns=\"3\" data-showtitle=\"1\" data-showpaging=\"1\" data-autonext=\"0\" data-thumbplay=\"1\"><div class=\"epyt-arrow\">&laquo;<\/div> <div>Prev<\/div><\/div><div class=\"epyt-pagenumbers \"><div class=\"epyt-current\">1<\/div><div class=\"epyt-pageseparator\"> \/ <\/div><div class=\"epyt-totalpages\">104<\/div><\/div><div tabindex=\"0\" role=\"button\" class=\"epyt-pagebutton epyt-next\" data-playlistid=\"UUdOoN3WOefqtvWor9B7Yyiw\" data-pagesize=\"15\" data-pagetoken=\"EAAaHlBUOkNBOGlFRVF5UTBKQk9EUkZPRFpGT1RneE5rUQ\" data-epcolumns=\"3\" data-showtitle=\"1\" data-showpaging=\"1\" data-autonext=\"0\" data-thumbplay=\"1\"><div>Next<\/div> <div class=\"epyt-arrow\">&raquo;<\/div><\/div><div class=\"epyt-loader\"><img loading=\"lazy\" decoding=\"async\" alt=\"loading\" width=\"16\" height=\"11\" src=\"https:\/\/mokslosriuba.lt\/kartumesgalime\/wp-content\/plugins\/youtube-embed-plus\/images\/gallery-page-loader.gif\"><\/div><\/div><\/div><\/div>\n","protected":false},"excerpt":{"rendered":"<p>Ateitis yra tai, k\u0105 dabar sukuria ir atranda mokslininkai. Kelion\u0117s \u012f ateit\u012f visuomet \u017eav\u0117jo \u017emones, ta\u010diau labai ma\u017eai kam teko su tuo susipa\u017einti i\u0161 ar\u010diau. Dabar galimyb\u0119 pakeliauti laiku turite [&hellip;]<\/p>\n","protected":false},"author":1,"featured_media":7522,"parent":0,"menu_order":0,"comment_status":"open","ping_status":"open","template":"","meta":{"om_disable_all_campaigns":false,"_monsterinsights_skip_tracking":false,"_monsterinsights_sitenote_active":false,"_monsterinsights_sitenote_note":"","_monsterinsights_sitenote_category":0,"_themeisle_gutenberg_block_has_review":false,"footnotes":""},"class_list":["post-12","page","type-page","status-publish","has-post-thumbnail","hentry","pb-post","pb-item","pb-col-xl-4 pb-col-m-6 pb-col-s-12","pb-animate pb-animated "],"aioseo_notices":[],"_links":{"self":[{"href":"https:\/\/mokslosriuba.lt\/kartumesgalime\/wp-json\/wp\/v2\/pages\/12","targetHints":{"allow":["GET"]}}],"collection":[{"href":"https:\/\/mokslosriuba.lt\/kartumesgalime\/wp-json\/wp\/v2\/pages"}],"about":[{"href":"https:\/\/mokslosriuba.lt\/kartumesgalime\/wp-json\/wp\/v2\/types\/page"}],"author":[{"embeddable":true,"href":"https:\/\/mokslosriuba.lt\/kartumesgalime\/wp-json\/wp\/v2\/users\/1"}],"replies":[{"embeddable":true,"href":"https:\/\/mokslosriuba.lt\/kartumesgalime\/wp-json\/wp\/v2\/comments?post=12"}],"version-history":[{"count":6,"href":"https:\/\/mokslosriuba.lt\/kartumesgalime\/wp-json\/wp\/v2\/pages\/12\/revisions"}],"predecessor-version":[{"id":8735,"href":"https:\/\/mokslosriuba.lt\/kartumesgalime\/wp-json\/wp\/v2\/pages\/12\/revisions\/8735"}],"wp:featuredmedia":[{"embeddable":true,"href":"https:\/\/mokslosriuba.lt\/kartumesgalime\/wp-json\/wp\/v2\/media\/7522"}],"wp:attachment":[{"href":"https:\/\/mokslosriuba.lt\/kartumesgalime\/wp-json\/wp\/v2\/media?parent=12"}],"curies":[{"name":"wp","href":"https:\/\/api.w.org\/{rel}","templated":true}]}}